{"id":104,"date":"2012-11-01T03:54:07","date_gmt":"2012-11-01T08:54:07","guid":{"rendered":"http:\/\/causettefortin.com\/?page_id=104"},"modified":"2021-12-29T14:05:20","modified_gmt":"2021-12-29T19:05:20","slug":"medias","status":"publish","type":"page","link":"https:\/\/causettefortin.com\/?page_id=104","title":{"rendered":"M\u00e9dias"},"content":{"rendered":"<p>&nbsp;<\/p>\n<p>\u00c9mission : \u00ab\u00a0La vie au Bas Saint-Laurent\u00a0\u00bb, \u00e0 TVA \u00a0artiste invit\u00e9e avec Mme Sylvie Pomerleau pour pr\u00e9senter \u00a0le programme en arts visuels du \u00a0CEGEP de Rivi\u00e8re-du-Loup,\u00a0le 11 janvier 2013.<\/p>\n<p><a title=\" Arts visuels du C\u00e9gep de Rivi\u00e8re-du-Loup, jusqu'au 20 janvier 2013\" href=\"http:\/\/www.cegep-rdl.qc.ca\/communiques\/communique.php?com=1825#manouvelle\">Arts visuels du C\u00e9gep de Rivi\u00e8re-du-Loup, jusqu&rsquo;au 20 janvier 2013\u00a0<\/a><\/p>\n<p>Portail culturel\u00a0: novembre 2012 ,\u00a0<a title=\"http:\/\/www.ville.riviere-du-loup.qc.ca\/index.php?pa=145\" href=\"http:\/\/www.ville.riviere-du-loup.qc.ca\/index.php?pa=145\">http:\/\/www.ville.riviere-du-loup.qc.ca\/index.php?pa=145<\/a><\/p>\n<p>Agenda culturel, 7 au 21 novembre 2012, page 41, Le Saint-Laurent Portage, 117 Ann\u00e9e-No 52<\/p>\n<p>Causette Fortin expose, volume 35, \u00e9dition 45, le 7 novembre 2012, le Placoteux.com<\/p>\n<p>Du Plaisir\u2026 Programmation automne-hiver-printemps 2012-2013 page25, centre culturel de Rivi\u00e8re-Du-Loup.<\/p>\n<p>Entrevue t\u00e9l\u00e9vis\u00e9e\u00a0\u00ab\u00a0La vie au Bas St-Laurent\u00a0\u00bb, \u00e0 TVA Rivi\u00e8re-Du-Loup, 5 novembre 2012<\/p>\n<p>Causette Fortin expose ,\u00e9dition no 19, 11 mai 2011,le Placoteux.com<\/p>\n<p>Entrevue t\u00e9l\u00e9vis\u00e9e \u00ab\u00a0 La Vie au Bas St-Laurent\u00a0\u00bb, \u00e0 TVA Rivi\u00e8re-Du-Loup, 3 mai 2011<\/p>\n<p>Entrevue \u00e0 la radio CHOX-FM 97.5 \u00a05 mai 2011 \u00e0 La Pocati\u00e8re.<\/p>\n<p>\u0152uvre pour \u0153uvre!\u00a0 Don pour Don,27 janvier 2010, le Placoteux.com<\/p>\n<p>Des \u0153uvres d\u2019art payantes pour Haiti,10 f\u00e9vrier 2010,le Saint-Laurent Portage KRTB.<\/p>\n<p>Causette vous invite,d\u00e9cembre 1996, le Placoteux.com<\/p>\n","protected":false},"excerpt":{"rendered":"<p>&nbsp; \u00c9mission : \u00ab\u00a0La vie au Bas Saint-Laurent\u00a0\u00bb, \u00e0 TVA \u00a0artiste invit\u00e9e avec Mme Sylvie Pomerleau pour pr\u00e9senter \u00a0le programme en arts visuels du \u00a0CEGEP de Rivi\u00e8re-du-Loup,\u00a0le 11 janvier 2013. Arts visuels du C\u00e9gep de Rivi\u00e8re-du-Loup, jusqu&rsquo;au 20 janvier 2013\u00a0 &hellip; <a href=\"https:\/\/causettefortin.com\/?page_id=104\">Continuer la lecture <span class=\"meta-nav\">&rarr;<\/span><\/a><\/p>\n","protected":false},"author":1,"featured_media":0,"parent":0,"menu_order":5,"comment_status":"closed","ping_status":"closed","template":"","meta":[],"_links":{"self":[{"href":"https:\/\/causettefortin.com\/index.php?rest_route=\/wp\/v2\/pages\/104"}],"collection":[{"href":"https:\/\/causettefortin.com\/index.php?rest_route=\/wp\/v2\/pages"}],"about":[{"href":"https:\/\/causettefortin.com\/index.php?rest_route=\/wp\/v2\/types\/page"}],"author":[{"embeddable":true,"href":"https:\/\/causettefortin.com\/index.php?rest_route=\/wp\/v2\/users\/1"}],"replies":[{"embeddable":true,"href":"https:\/\/causettefortin.com\/index.php?rest_route=%2Fwp%2Fv2%2Fcomments&post=104"}],"version-history":[{"count":11,"href":"https:\/\/causettefortin.com\/index.php?rest_route=\/wp\/v2\/pages\/104\/revisions"}],"predecessor-version":[{"id":109,"href":"https:\/\/causettefortin.com\/index.php?rest_route=\/wp\/v2\/pages\/104\/revisions\/109"}],"wp:attachment":[{"href":"https:\/\/causettefortin.com\/index.php?rest_route=%2Fwp%2Fv2%2Fmedia&parent=104"}],"curies":[{"name":"wp","href":"https:\/\/api.w.org\/{rel}","templated":true}]}}