{"id":175,"date":"2017-02-11T21:15:35","date_gmt":"2017-02-12T02:15:35","guid":{"rendered":"http:\/\/causettefortin.com\/?page_id=175"},"modified":"2021-12-29T14:05:30","modified_gmt":"2021-12-29T19:05:30","slug":"formation","status":"publish","type":"page","link":"https:\/\/causettefortin.com\/?page_id=175","title":{"rendered":"Formation et perfectionnement"},"content":{"rendered":"<p>Ombres et lumi\u00e8res, \u00a0Universit\u00e9 de Montr\u00e9al avec Gianni \u00a0Guiliano en 2020.<\/p>\n<p>Portrait avec Lyse-Anne Roy en 2020<\/p>\n<p>Ateliers \u201cArt Sacr\u00e9\u201d, m\u00e9diums secs avec Anne-Marie Forest 2019<\/p>\n<p>DEC en arts visuels, C\u00e9gep de Rivi\u00e8re-du-Loup en 2014<\/p>\n<p>Cours en peinture acrylique avec Mr.Guy Lemieux novembre 2012 et 19 et 20 avril 2013.<\/p>\n<p>Stage Effluves et Fleuves en lithographie avec l\u2019artiste\u00a0 en arts visuels Mr.Olivier Rucay \u00e0 Nantes (France) du 4 mars au 18 mars 2013 dans le cadre d\u2019un \u00e9change Nantes- Rivi\u00e8re-du-Loup (lyc\u00e9e des arts appliques (Nantes) et C\u00e9gep de RDL).<\/p>\n<p>De 2003 \u00e0 2012, cours avec les peintres \u00a0Gis\u00e8le Rivard,\u00a0Roger Monette.\u00a0Juan Cristobal Pinochet, Monique Martin,\u00a0\u00a0Mme M\u00e9lanie Tremblay, Colette B\u00e9dard, Francine Lagac\u00e9, Clarence Bourgoin, Jean Pierre Leduc, Loulou ( St- Marc, Ha\u00efti ).<\/p>\n<p>Notions de dessin \u00e0 travers diff\u00e9rents m\u00e9dium, cours de dessin\u00ab Personnages et Structure de paysage \u00bb avec \u00a0Mme Agathe P\u00e9pin Juillet 2011, 2010 et 2009, \u00a0\u00e0 l\u2019\u00e9cole des arts appliqu\u00e9s au centre d\u2019histoire et d\u2019arch\u00e9ologie de la M\u00e9tabetchouan (CHAM).<\/p>\n","protected":false},"excerpt":{"rendered":"<p>Ombres et lumi\u00e8res, \u00a0Universit\u00e9 de Montr\u00e9al avec Gianni \u00a0Guiliano en 2020. Portrait avec Lyse-Anne Roy en 2020 Ateliers \u201cArt Sacr\u00e9\u201d, m\u00e9diums secs avec Anne-Marie Forest 2019 DEC en arts visuels, C\u00e9gep de Rivi\u00e8re-du-Loup en 2014 Cours en peinture acrylique avec &hellip; <a href=\"https:\/\/causettefortin.com\/?page_id=175\">Continuer la lecture <span class=\"meta-nav\">&rarr;<\/span><\/a><\/p>\n","protected":false},"author":1,"featured_media":0,"parent":0,"menu_order":7,"comment_status":"closed","ping_status":"closed","template":"","meta":[],"_links":{"self":[{"href":"https:\/\/causettefortin.com\/index.php?rest_route=\/wp\/v2\/pages\/175"}],"collection":[{"href":"https:\/\/causettefortin.com\/index.php?rest_route=\/wp\/v2\/pages"}],"about":[{"href":"https:\/\/causettefortin.com\/index.php?rest_route=\/wp\/v2\/types\/page"}],"author":[{"embeddable":true,"href":"https:\/\/causettefortin.com\/index.php?rest_route=\/wp\/v2\/users\/1"}],"replies":[{"embeddable":true,"href":"https:\/\/causettefortin.com\/index.php?rest_route=%2Fwp%2Fv2%2Fcomments&post=175"}],"version-history":[{"count":14,"href":"https:\/\/causettefortin.com\/index.php?rest_route=\/wp\/v2\/pages\/175\/revisions"}],"predecessor-version":[{"id":287,"href":"https:\/\/causettefortin.com\/index.php?rest_route=\/wp\/v2\/pages\/175\/revisions\/287"}],"wp:attachment":[{"href":"https:\/\/causettefortin.com\/index.php?rest_route=%2Fwp%2Fv2%2Fmedia&parent=175"}],"curies":[{"name":"wp","href":"https:\/\/api.w.org\/{rel}","templated":true}]}}