{"id":29,"date":"2012-10-27T18:18:58","date_gmt":"2012-10-27T23:18:58","guid":{"rendered":"http:\/\/causettefortin.com\/?page_id=29"},"modified":"2021-12-29T14:05:16","modified_gmt":"2021-12-29T19:05:16","slug":"distinctions","status":"publish","type":"page","link":"https:\/\/causettefortin.com\/?page_id=29","title":{"rendered":"Distinctions"},"content":{"rendered":"<p>Artiste s\u00e9lectionn\u00e9 par Copiexpress ,Qu\u00e9bec depuis 2009<\/p>\n<p>Artiste du mois au centre culturel G\u00e9rard Dallaire, La Pocati\u00e8re., Mai 2011<\/p>\n<p>Artiste selectionn\u00e9 au centre culturel Berger, Rivi\u00e8re-Du-Loup, 8 novembre 2012 au 20 janvier 2013.<\/p>\n<p>Artiste invit\u00e9e du groupe Reg\u2019Art .<\/p>\n","protected":false},"excerpt":{"rendered":"<p>Artiste s\u00e9lectionn\u00e9 par Copiexpress ,Qu\u00e9bec depuis 2009 Artiste du mois au centre culturel G\u00e9rard Dallaire, La Pocati\u00e8re., Mai 2011 Artiste selectionn\u00e9 au centre culturel Berger, Rivi\u00e8re-Du-Loup, 8 novembre 2012 au 20 janvier 2013. Artiste invit\u00e9e du groupe Reg\u2019Art .<\/p>\n","protected":false},"author":1,"featured_media":0,"parent":0,"menu_order":4,"comment_status":"closed","ping_status":"closed","template":"","meta":[],"_links":{"self":[{"href":"https:\/\/causettefortin.com\/index.php?rest_route=\/wp\/v2\/pages\/29"}],"collection":[{"href":"https:\/\/causettefortin.com\/index.php?rest_route=\/wp\/v2\/pages"}],"about":[{"href":"https:\/\/causettefortin.com\/index.php?rest_route=\/wp\/v2\/types\/page"}],"author":[{"embeddable":true,"href":"https:\/\/causettefortin.com\/index.php?rest_route=\/wp\/v2\/users\/1"}],"replies":[{"embeddable":true,"href":"https:\/\/causettefortin.com\/index.php?rest_route=%2Fwp%2Fv2%2Fcomments&post=29"}],"version-history":[{"count":6,"href":"https:\/\/causettefortin.com\/index.php?rest_route=\/wp\/v2\/pages\/29\/revisions"}],"predecessor-version":[{"id":304,"href":"https:\/\/causettefortin.com\/index.php?rest_route=\/wp\/v2\/pages\/29\/revisions\/304"}],"wp:attachment":[{"href":"https:\/\/causettefortin.com\/index.php?rest_route=%2Fwp%2Fv2%2Fmedia&parent=29"}],"curies":[{"name":"wp","href":"https:\/\/api.w.org\/{rel}","templated":true}]}}