{"id":32,"date":"2017-02-11T18:20:11","date_gmt":"2017-02-11T23:20:11","guid":{"rendered":"http:\/\/causettefortin.com\/?page_id=32"},"modified":"2021-12-29T14:04:51","modified_gmt":"2021-12-29T19:04:51","slug":"demarche-artistique","status":"publish","type":"page","link":"https:\/\/causettefortin.com\/?page_id=32","title":{"rendered":"D\u00e9marche artistique"},"content":{"rendered":"<p>J\u2019ai commenc\u00e9 \u00e0 peindre des maisons anciennes en 2007 pour r\u00e9pondre \u00e0 une commande. Pour atteindre mon objectif, j\u2019y ai int\u00e9gr\u00e9 des personnages et des animaux. C\u2019est \u00e0 ce moment que le besoin de peindre des toiles avec des personnages et des animaux m\u2019a habit\u00e9e.<\/p>\n<p>J\u2019ai toujours aim\u00e9 les maisons anciennes, t\u00e9moins de notre histoire, car toutes les\u00a0 maisons ont des secrets \u00e0 nous d\u00e9voiler&#8230;<\/p>\n<p>Je peins \u00e9galement des sc\u00e8nes d\u2019hiver, ce qui caract\u00e9rise notre pays. Je veux ainsi toucher les gens qui aiment l\u2019hiver et les touristes qui sont fascin\u00e9s par cette belle saison.<\/p>\n<p>J\u2019aime visiter les mus\u00e9es et les expositions et je me plais \u00e0 passer des heures \u00e0 regarder les chefs d\u2019\u0153uvre des Grands Ma\u00eetres. Quand je visite une r\u00e9gion, j\u2019adore photographier les maisons afin d\u2019inspirer mes futures toiles.<\/p>\n<p>Lorsque je compose mon tableau, je pars d\u2019une\u00a0 photographie que j\u2019ai prise, je fais un croquis\u00a0 en y ajoutant des \u00e9l\u00e9ments pour cr\u00e9er l\u2019\u00e9motion que je veux transmettre. Je fais par la suite un lavis\u00a0 dans le but de trouver l\u2019harmonie des couleurs et de rendre l\u2019\u00e9motion dans mon tableau. C\u2019est un genre de squelette que j\u2019habille par la suite. J\u2019aime int\u00e9grer des sc\u00e8nes de la vie quotidienne.<\/p>\n<p>Le m\u00e9dium que j\u2019utilise est l\u2019huile et l\u2019acrylique, mais je commence \u00e0 explorer le pastel pour sa douceur et la richesse de ses couleurs. Je peins par petits coups de pinceaux et j\u2019utilise des petits\u00a0 pinceaux. Les maisons et les b\u00e2timents respectent les r\u00e8gles de la perspective mais les personnages donnent une touche personnalis\u00e9e \u00e0 mon art. J\u2019utilise des couleurs vives et tout mon travail est impr\u00e9gn\u00e9 de la nature et de la r\u00e9gion du Bas St-Laurent. J\u2019aime peindre des toiles grand format ce qui me permet de laisser libre cours \u00e0 mon imagination et \u00e0 ma cr\u00e9ativit\u00e9. Je commence \u00e0 me servir de la p\u00e2te \u00e0 modeler pour donner du relief \u00e0 mes personnages et\u00a0 c\u2019est une technique que je veux utiliser \u00e0 l\u2019avenir. Je veux \u00e9galement cr\u00e9er plus de mouvement chez mes personnages.<\/p>\n<p>Je suis une personne tenace, d\u00e9termin\u00e9e et imaginative. La peinture me permet\u00a0 de m\u2019ouvrir aux autres et d\u2019oublier le quotidien. Le fait de peindre me permet de poser un regard diff\u00e9rent sur la nature, les formes, les couleurs, les ombres et la lumi\u00e8re.<\/p>\n<p>En mettant en valeur notre patrimoine par le biais de la peinture, je veux honorer les gens qui en font partie et qui en prennent bien soin.<\/p>\n<p>Ma prochaine \u00e9tape est de travailler mes tableaux \u00e0 la mani\u00e8re de l\u2019art contemporain.<\/p>\n","protected":false},"excerpt":{"rendered":"<p>J\u2019ai commenc\u00e9 \u00e0 peindre des maisons anciennes en 2007 pour r\u00e9pondre \u00e0 une commande. Pour atteindre mon objectif, j\u2019y ai int\u00e9gr\u00e9 des personnages et des animaux. C\u2019est \u00e0 ce moment que le besoin de peindre des toiles avec des personnages &hellip; <a href=\"https:\/\/causettefortin.com\/?page_id=32\">Continuer la lecture <span class=\"meta-nav\">&rarr;<\/span><\/a><\/p>\n","protected":false},"author":1,"featured_media":0,"parent":0,"menu_order":1,"comment_status":"closed","ping_status":"closed","template":"","meta":[],"_links":{"self":[{"href":"https:\/\/causettefortin.com\/index.php?rest_route=\/wp\/v2\/pages\/32"}],"collection":[{"href":"https:\/\/causettefortin.com\/index.php?rest_route=\/wp\/v2\/pages"}],"about":[{"href":"https:\/\/causettefortin.com\/index.php?rest_route=\/wp\/v2\/types\/page"}],"author":[{"embeddable":true,"href":"https:\/\/causettefortin.com\/index.php?rest_route=\/wp\/v2\/users\/1"}],"replies":[{"embeddable":true,"href":"https:\/\/causettefortin.com\/index.php?rest_route=%2Fwp%2Fv2%2Fcomments&post=32"}],"version-history":[{"count":17,"href":"https:\/\/causettefortin.com\/index.php?rest_route=\/wp\/v2\/pages\/32\/revisions"}],"predecessor-version":[{"id":302,"href":"https:\/\/causettefortin.com\/index.php?rest_route=\/wp\/v2\/pages\/32\/revisions\/302"}],"wp:attachment":[{"href":"https:\/\/causettefortin.com\/index.php?rest_route=%2Fwp%2Fv2%2Fmedia&parent=32"}],"curies":[{"name":"wp","href":"https:\/\/api.w.org\/{rel}","templated":true}]}}