{"id":5,"date":"2017-02-11T18:45:36","date_gmt":"2017-02-11T23:45:36","guid":{"rendered":"http:\/\/causettefortin.com\/?page_id=5"},"modified":"2021-12-29T14:05:14","modified_gmt":"2021-12-29T19:05:14","slug":"expositions","status":"publish","type":"page","link":"https:\/\/causettefortin.com\/?page_id=5","title":{"rendered":"Expositions"},"content":{"rendered":"<p><span style=\"text-decoration: underline; color: #333333;\">Expositions collectives<\/span><\/p>\n<p>Exposition de l&rsquo;AREQ au centre Berger, Rivi\u00e8re-du-Loup depuis 2016<\/p>\n<p>Exposition Galerie Reg&rsquo;art, Kamouraska<\/p>\n<p>Exposition \u00ab Sortie \u00a02014 \u00bb au centre Berger, Rivi\u00e8re-du-Loup<\/p>\n<p>Exposition \u00ab Christ mort, Christ ressuscit\u00e9 \u00bb\u00a0dans la cadre de l&rsquo;ann\u00e9e de la Foi, initiative du Dioc\u00e8se de Saint-Anne de La Pocati\u00e8re au Mus\u00e9e r\u00e9gional de Kamouraska du 11 octobre au 31 d\u00e9cembre 2013.<\/p>\n<p>Exposition \u00ab\u00a0La mer enchant\u00e9e \u00bb avec le Regroupement des artistes de la Seigneurie \u00e0 la galerie du Presbyt\u00e8re de Sainte-Flavie du 22 juin au 13 juillet 2013.<\/p>\n<p>Exposition de lithographies \u00ab\u00a0Effleuves et Fleuves \u00bb\u00a0 \u00e0 la salle Ga\u00e9tan-Blanchet du C\u00e9gep de Rivi\u00e8re-du-Loup du 15 au 30 avril 2013.<\/p>\n<p>Exposition de lithographies \u00ab Effluves et Fleuves \u00bb \u00e0 la salle des arts appliqu\u00e9s au Lyc\u00e9e La Joliverie, Nantes en France du 15 mars au 25 mars 2013.<\/p>\n<p>Exposition de groupe \u00abVol d\u2019identit\u00e9 \u00bb\u00a0\u00e0 la salle Ga\u00e9tan-Blanchet du Cegep RDL du 21 f\u00e9vrier au 15 mars 2013.<\/p>\n<p>Exposition \u00a0du groupe RAS ( Regroupement des Artistes de la Seigneurie) \u00ab En remontant le fleuve \u00bb \u00e0 l\u2019Espace\u00a0 Fr\u00e8re J\u00e9r\u00f4me de la Clart\u00e9- Dieu, 220 Grande All\u00e9e, Qu\u00e9bec du 14 juin au 14 juillet\u00a0 2012.<\/p>\n<p>Exposition au Printemps des Arts mai 2009 \u00e0 2012 \u00e0 la salle Bonaventure, Centre Robert C\u00f4t\u00e9, St-Pascal.<\/p>\n<p>Exposition \u00ab Fleuve Cr\u00e9ateur \u00bb d\u00e9cembre 2010 \u00e0 mars 2011, au Mus\u00e9e R\u00e9gional de Kamouraska .<\/p>\n<p>Exposition\u00a0\u00ab Vision Inspir\u00e9e \u00bb de juillet \u00e0 septembre 2011, \u00a0au centre Armand Vaillancourt \u00e0 la Vieille \u00c9cole. St-Andr\u00e9.<\/p>\n<p>Exposition \u00ab Offrir le doux pays du Kamouraska \u00bb en d\u00e9cembre 2009, \u00e0 la Tortue Bleue, La Pocati\u00e8re .<\/p>\n<p>Exposition collective avec le Regroupement de la Seigneurie en 2008 centre culturel G\u00e9rard Dallaire, La Pocati\u00e8re.<\/p>\n<p>Exposition \u00e0 la galerie La Maison du Bedeau depuis 2008 \u00e0 2011 de Saint-Pascal.<\/p>\n<p><span style=\"text-decoration: underline; color: #333333;\">Expositions solo<\/span><\/p>\n<p>Exposition \u00a0 \u00ab Les Belles d\u2019autrefois \u00bb s\u00e9lectionn\u00e9e par un jury, Centre culturel de Rivi\u00e8re-Du-Loup, du 9 novembre 2012 au 20 janvier 2013.<\/p>\n<p>Exposition\u00a0\u00ab Nature et Paysages \u00bb s\u00e9lectionn\u00e9e par des pairs , Centre culturel G\u00e9rard Dallaire, La Pocati\u00e8re.<\/p>\n<p>Exposition \u00e0 la Boulangerie au Pain Gamin, RDL,\u00a0\u00e0 La coureuse des gr\u00e8ves,Saint-Jean Port Joli,\u00a0\u00a0au centre culturel Robert C\u00f4t\u00e9 en 1996, Saint-Pascal.<\/p>\n<p><em>Activit\u00e9s connexes\u00a0:<\/em><\/p>\n<p><em>Invit\u00e9e \u00e0 l\u2019\u00e9mission La Vie au Bas St-Laurent, CIMT-TV, le 3 mai 2011 \u00e0 Rivi\u00e8re-Du-Loup.<\/em><\/p>\n<p><em>\u00c9v\u00e8nements<\/em><em>:<\/em><\/p>\n<p>Samedi des peintres , Kamouraska 2020<\/p>\n<p>\u201cKollaboration 2017 \u201d,cr\u00e9ation d\u2019oeuvres communes.<\/p>\n<p>\u201cKamouraska en couleurs \u201c, Kamouraska<\/p>\n<p><em>Mars 2010, don d\u2019une \u0153uvre \u00e0 la Croix Rouge lors de l\u2019activit\u00e9 \u0152uvre pour \u0153uvre,<\/em> <em>Don pour don \u00e0 l\u2019h\u00f4tel L\u00e9vesque, Rivi\u00e8re-du-Loup.<\/em><em>le 3 mai 2011<\/em><\/p>\n<p><em>Associations<\/em><\/p>\n<p>Membre des artistes de la MRC de Kamouraska.<\/p>\n<p>Membre du groupe Reg\u2019Art, 2020<\/p>\n<p>&nbsp;<\/p>\n","protected":false},"excerpt":{"rendered":"<p>Expositions collectives Exposition de l&rsquo;AREQ au centre Berger, Rivi\u00e8re-du-Loup depuis 2016 Exposition Galerie Reg&rsquo;art, Kamouraska Exposition \u00ab Sortie \u00a02014 \u00bb au centre Berger, Rivi\u00e8re-du-Loup Exposition \u00ab Christ mort, Christ ressuscit\u00e9 \u00bb\u00a0dans la cadre de l&rsquo;ann\u00e9e de la Foi, initiative du &hellip; <a href=\"https:\/\/causettefortin.com\/?page_id=5\">Continuer la lecture <span class=\"meta-nav\">&rarr;<\/span><\/a><\/p>\n","protected":false},"author":1,"featured_media":0,"parent":0,"menu_order":3,"comment_status":"closed","ping_status":"closed","template":"","meta":[],"_links":{"self":[{"href":"https:\/\/causettefortin.com\/index.php?rest_route=\/wp\/v2\/pages\/5"}],"collection":[{"href":"https:\/\/causettefortin.com\/index.php?rest_route=\/wp\/v2\/pages"}],"about":[{"href":"https:\/\/causettefortin.com\/index.php?rest_route=\/wp\/v2\/types\/page"}],"author":[{"embeddable":true,"href":"https:\/\/causettefortin.com\/index.php?rest_route=\/wp\/v2\/users\/1"}],"replies":[{"embeddable":true,"href":"https:\/\/causettefortin.com\/index.php?rest_route=%2Fwp%2Fv2%2Fcomments&post=5"}],"version-history":[{"count":22,"href":"https:\/\/causettefortin.com\/index.php?rest_route=\/wp\/v2\/pages\/5\/revisions"}],"predecessor-version":[{"id":303,"href":"https:\/\/causettefortin.com\/index.php?rest_route=\/wp\/v2\/pages\/5\/revisions\/303"}],"wp:attachment":[{"href":"https:\/\/causettefortin.com\/index.php?rest_route=%2Fwp%2Fv2%2Fmedia&parent=5"}],"curies":[{"name":"wp","href":"https:\/\/api.w.org\/{rel}","templated":true}]}}